{"id":5035,"date":"2023-12-26T14:28:06","date_gmt":"2023-12-26T14:28:06","guid":{"rendered":"https:\/\/epibusiness.com\/?page_id=5035"},"modified":"2023-12-26T14:28:06","modified_gmt":"2023-12-26T14:28:06","slug":"news","status":"publish","type":"page","link":"https:\/\/epibusiness.com\/fr\/news\/","title":{"rendered":"Actualit\u00e9s"},"content":{"rendered":"<div class=\"wpb-content-wrapper\"><p>[vc_row][vc_column css=\u00a0\u00bb.vc_custom_1575296582826{padding-bottom: 30px !important;}\u00a0\u00bb]<div class=\"dt-shortcode with-isotope\"><div class=\"wf-container dt-blog-shortcode loading-effect-none iso-container description-under-image content-align-left\" data-padding=\"20px\" data-cur-page=\"1\" data-posts-per-page=\"-1\" data-width=\"370px\" data-columns=\"3\">\n<div class=\"wf-cell iso-item\" data-post-id=\"5032\" data-date=\"2023-12-26T14:16:25+00:00\" data-name=\"L\u2019\u00e9quipe de EPI Business Translation vous souhaite une tr\u00e8s ann\u00e9e ! \ud83c\udf89\ud83c\udf86\">\n\t<article class=\"post no-img post-5032 type-post status-publish format-standard hentry category-news fr-FR category-4 description-off\">\n\n\t\t\n\t\t<div class=\"blog-content wf-td\">\n\t\t\t<h3 class=\"entry-title\"><a href=\"https:\/\/epibusiness.com\/fr\/the-epi-business-translation-team-wishes-you-a-happy-new-year\/\" title=\"L\u2019\u00e9quipe de EPI Business Translation vous souhaite une tr\u00e8s ann\u00e9e ! \ud83c\udf89\ud83c\udf86\" rel=\"bookmark\">L\u2019\u00e9quipe de EPI Business Translation vous souhaite une tr\u00e8s ann\u00e9e ! \ud83c\udf89\ud83c\udf86<\/a><\/h3>\n\n\t\t\t<p>Chers clients,&nbsp;L\u2019\u00e9quipe de EPI Business Translation vous souhaite une tr\u00e8s ann\u00e9e ! \ud83c\udf8a&nbsp;S\u00fbrs que 2024 sera une ann\u00e9e de grandes d\u00e9cisions, de projets inspirants et de succ\u00e8s \u00e9clatants, nous appr\u00e9cions de pouvoir travailler avec vous et nous esp\u00e9rons que notre coop\u00e9ration continuera \u00e0 apporter des r\u00e9sultats positifs.&nbsp;Que cette ann\u00e9e soit riche en moments heureux, en&hellip;<\/p>\n\n<a href=\"https:\/\/epibusiness.com\/fr\/the-epi-business-translation-team-wishes-you-a-happy-new-year\/\" class=\"details more-link\" aria-label=\"En savoir plus sur L\u2019\u00e9quipe de EPI Business Translation vous souhaite une tr\u00e8s ann\u00e9e ! \ud83c\udf89\ud83c\udf86\">D\u00e9tails<\/a>\n\n\t\t<\/div>\n\n\t<\/article>\n\n<\/div><\/div><\/div>[\/vc_column][\/vc_row][vc_row][vc_column]<div class=\"templatera_shortcode\"><div data-vc-full-width=\"true\" data-vc-full-width-temp=\"true\" data-vc-full-width-init=\"false\" class=\"vc_row wpb_row vc_row-fluid services-new-block-differentiate vc_custom_1651057216452 vc_row-has-fill\"><div class=\"services-new-block-differentiate-brand wpb_column vc_column_container vc_col-sm-3\"><div class=\"vc_column-inner\"><div class=\"wpb_wrapper\">\n\t<div  class=\"wpb_single_image wpb_content_element vc_align_center  vc_custom_1690538803848\">\n\t\t\n\t\t<figure class=\"wpb_wrapper vc_figure\">\n\t\t\t<div class=\"vc_single_image-wrapper   vc_box_border_grey\"><img decoding=\"async\" class=\"vc_single_image-img \" src=\"https:\/\/epibusiness.com\/wp-content\/uploads\/2022\/04\/logo-new-white1.svg\" width=\"1\" height=\"1\" alt=\"logo-new-white1\" title=\"logo-new-white1\" loading=\"lazy\"  data-dt-location=\"https:\/\/epibusiness.com\/logo-new-white1\/\" \/><\/div>\n\t\t<\/figure>\n\t<\/div>\n<div id=\"ultimate-heading-773869dade3515926\" class=\"uvc-heading ult-adjust-bottom-margin ultimate-heading-773869dade3515926 uvc-4032  uvc-heading-default-font-sizes\" data-hspacer=\"no_spacer\"  data-halign=\"center\" style=\"text-align:center\"><div class=\"uvc-heading-spacer no_spacer\" style=\"top\"><\/div><div class=\"uvc-main-heading ult-responsive\"  data-ultimate-target='.uvc-heading.ultimate-heading-773869dade3515926 h3'  data-responsive-json-new='{\"font-size\":\"\",\"line-height\":\"\"}' ><h3 style=\"font-weight:bold;color:rgba(255,255,255,0.5);margin-bottom:20px;\">EPI Business Translation<\/h3><\/div><div class=\"uvc-sub-heading ult-responsive\"  data-ultimate-target='.uvc-heading.ultimate-heading-773869dade3515926 .uvc-sub-heading '  data-responsive-json-new='{\"font-size\":\"desktop:20px;\",\"line-height\":\"desktop:26px;\"}'  style=\"font-weight:bold;color:#ffffff;\">\r\n<p style=\"text-align: center;\"><b>Nous faisons tomber les barri\u00e8res linguistiques entre les entreprises\u00a0<\/b><\/p>\r\n<\/div><\/div><\/div><\/div><\/div><div class=\"wpb_column vc_column_container vc_col-sm-6\"><div class=\"vc_column-inner\"><div class=\"wpb_wrapper\">\n\t<div class=\"wpb_text_column wpb_content_element \" >\n\t\t<div class=\"wpb_wrapper\">\n\t\t\t<p style=\"text-align: center;\"><a href=\"https:\/\/epibusiness.com\/fr\/services\/interpreters-for-your-business\/\">Interpr\u00e9tation<\/a><\/p>\n<p style=\"text-align: center;\"><a href=\"https:\/\/epibusiness.com\/fr\/services\/written-translation-agency\/\">Traduction \u00e9crite<\/a><\/p>\n<p style=\"text-align: center;\"><a href=\"https:\/\/epibusiness.com\/fr\/services\/professional-interpreters-for-international-events\/\">Rencontres<\/a><\/p>\n<p style=\"text-align: center;\"><a href=\"https:\/\/epibusiness.com\/fr\/services\/professional-translators-for-your-business-needs\/\">Secteurs<\/a><\/p>\n<p style=\"text-align: center;\"><a href=\"https:\/\/epibusiness.com\/fr\/services\/urgent-translation-agency-for-your-business-online\/\">Traduction urgente<\/a><\/p>\n\n\t\t<\/div>\n\t<\/div>\n<\/div><\/div><\/div><div class=\"wpb_column vc_column_container vc_col-sm-3\"><div class=\"vc_column-inner\"><div class=\"wpb_wrapper\"><style type=\"text\/css\" data-type=\"the7_shortcodes-inline-css\">#default-btn-ec3fa441152d5e78c04cda1dbfdc724d {\n  border-radius: 100px;\n  font-size: 16px;\n  line-height: 18px;\n}\n.btn-shadow#default-btn-ec3fa441152d5e78c04cda1dbfdc724d {\n  box-shadow: 0 1px 6px rgba(0,0,0,0.12);\n  transition: box-shadow 0.2s ease-out, opacity 0.45s;\n}\n.btn-shadow#default-btn-ec3fa441152d5e78c04cda1dbfdc724d:hover {\n  box-shadow: 0 5px 11px 0 rgba(0,0,0,0.18), 0 4px 15px 0 rgba(0,0,0,0.15);\n}\n.btn-3d#default-btn-ec3fa441152d5e78c04cda1dbfdc724d:hover {\n  box-shadow: 0px 2px 0px 0px rgba(224,224,224,0.05);\n}\n.btn-flat#default-btn-ec3fa441152d5e78c04cda1dbfdc724d {\n  box-shadow: none;\n}\n.btn-flat#default-btn-ec3fa441152d5e78c04cda1dbfdc724d:hover {\n  box-shadow: none;\n}\n#default-btn-ec3fa441152d5e78c04cda1dbfdc724d.ico-right-side > i {\n  margin-right: 0px;\n  margin-left: 8px;\n}\n#default-btn-ec3fa441152d5e78c04cda1dbfdc724d > i {\n  margin-right: 8px;\n  font-size: 16px;\n}\n#default-btn-ec3fa441152d5e78c04cda1dbfdc724d:not(:hover) {\n  border-width: 3px;\n  border-color: rgba(255,255,255,0.3) !important;\n  color: #ffffff;\n  background: none !important;\n  padding: 16px 10px 16px 10px;\n}\n#default-btn-ec3fa441152d5e78c04cda1dbfdc724d:not(:hover) * {\n  color: #ffffff;\n}\n#default-btn-ec3fa441152d5e78c04cda1dbfdc724d:hover {\n  border-width: 3px;\n  border-color: rgba(255,255,255,0.45) !important;\n  color: #ffffff;\n  background: rgba(255,255,255,0.05) !important;\n  padding: 16px 10px 16px 10px;\n}\n#default-btn-ec3fa441152d5e78c04cda1dbfdc724d:hover * {\n  color: #ffffff;\n}\n#default-btn-ec3fa441152d5e78c04cda1dbfdc724d.ico-right-side > i {\n  margin-right: 0px;\n  margin-left: 8px;\n}\n#default-btn-ec3fa441152d5e78c04cda1dbfdc724d > i {\n  margin-right: 8px;\n}\n<\/style><div class=\"btn-align-center\"><a href=\"\/fr\/contact\/\" class=\"default-btn-shortcode dt-btn link-hover-off ico-right-side btn-flat  vc_custom_1699448526323\" id=\"default-btn-ec3fa441152d5e78c04cda1dbfdc724d\" style=\"width:240px;\" title=\"Contact\"><span>Formulaire de contact<\/span><i class=\"icomoon-the7-font-the7-mail-01\"><\/i><\/a><\/div><style type=\"text\/css\" data-type=\"the7_shortcodes-inline-css\">#default-btn-083304947138c7983a38e06d81087790 {\n  font-size: 20px;\n  line-height: 22px;\n  font-weight: bold;\n  padding: 0px 0px 0px 0px;\n}\n#default-btn-083304947138c7983a38e06d81087790.ico-right-side > i {\n  margin-right: 0px;\n  margin-left: 8px;\n}\n#default-btn-083304947138c7983a38e06d81087790:after {\n  height: 2px;\n}\n#default-btn-083304947138c7983a38e06d81087790 > i {\n  margin-right: 8px;\n  font-size: 11px;\n}\n#default-btn-083304947138c7983a38e06d81087790:not(:hover),\n#default-btn-083304947138c7983a38e06d81087790.link-hover-off:hover {\n  color: #ffffff;\n  background: none;\n}\n#default-btn-083304947138c7983a38e06d81087790:not(:hover) *,\n#default-btn-083304947138c7983a38e06d81087790.link-hover-off:hover * {\n  color: #ffffff;\n  background: none;\n}\n#default-btn-083304947138c7983a38e06d81087790.ico-right-side > i {\n  margin-right: 0px;\n  margin-left: 8px;\n}\n#default-btn-083304947138c7983a38e06d81087790 > i {\n  margin-right: 8px;\n}\n<\/style><div class=\"btn-align-center\"><a href=\"mailto:info@epibusiness.com\" class=\"default-btn-shortcode dt-btn-link link-hover-off upwards-line  vc_custom_1690536387876\" id=\"default-btn-083304947138c7983a38e06d81087790\" style=\"width:240px;\" title=\"Contact\"><span>info@epibusiness.com<\/span><\/a><\/div><style type=\"text\/css\" data-type=\"the7_shortcodes-inline-css\">#default-btn-9c9ce64c7bca4965eca50f63cfa43afc {\n  font-size: 20px;\n  line-height: 22px;\n  font-weight: bold;\n  padding: 0px 0px 0px 0px;\n}\n#default-btn-9c9ce64c7bca4965eca50f63cfa43afc.ico-right-side > i {\n  margin-right: 0px;\n  margin-left: 8px;\n}\n#default-btn-9c9ce64c7bca4965eca50f63cfa43afc:after {\n  height: 2px;\n}\n#default-btn-9c9ce64c7bca4965eca50f63cfa43afc > i {\n  margin-right: 8px;\n  font-size: 11px;\n}\n#default-btn-9c9ce64c7bca4965eca50f63cfa43afc:not(:hover),\n#default-btn-9c9ce64c7bca4965eca50f63cfa43afc.link-hover-off:hover {\n  color: #ffffff;\n  background: none;\n}\n#default-btn-9c9ce64c7bca4965eca50f63cfa43afc:not(:hover) *,\n#default-btn-9c9ce64c7bca4965eca50f63cfa43afc.link-hover-off:hover * {\n  color: #ffffff;\n  background: none;\n}\n#default-btn-9c9ce64c7bca4965eca50f63cfa43afc.ico-right-side > i {\n  margin-right: 0px;\n  margin-left: 8px;\n}\n#default-btn-9c9ce64c7bca4965eca50f63cfa43afc > i {\n  margin-right: 8px;\n}\n<\/style><div class=\"btn-align-center\"><a href=\"tel:+14378868635\" class=\"default-btn-shortcode dt-btn-link link-hover-off upwards-line \" id=\"default-btn-9c9ce64c7bca4965eca50f63cfa43afc\" style=\"width:240px;\" title=\"Contact\"><span>+1 (647) 793 9396<\/span><\/a><\/div>\n\t<div class=\"wpb_text_column wpb_content_element  vc_custom_1690549171836\" >\n\t\t<div class=\"wpb_wrapper\">\n\t\t\t<p style=\"text-align: center;\"><span style=\"color: #ffffff; font-size: 20px; font-weight: bold;\">1707 - 28 Harrison Garden Blvd, Toronto, ON, M2N7B5<\/span><\/p>\n\n\t\t<\/div>\n\t<\/div>\n<style type=\"text\/css\" data-type=\"the7_shortcodes-inline-css\">.dt-shortcode-soc-icons.soc-icons-6d3d70cdad80c3022dac88b2b035272f a {\n  margin-right: 4px;\n}\n.dt-shortcode-soc-icons a.soc-icons-6d3d70cdad80c3022dac88b2b035272f {\n  margin-right: 4px;\n}\n.dt-shortcode-soc-icons a.soc-icons-6d3d70cdad80c3022dac88b2b035272f:last-child {\n  margin-right: 0;\n}\n.dt-shortcode-soc-icons a.soc-icons-6d3d70cdad80c3022dac88b2b035272f:before,\n.dt-shortcode-soc-icons a.soc-icons-6d3d70cdad80c3022dac88b2b035272f:after {\n  padding: inherit;\n}\n.dt-shortcode-soc-icons a.soc-icons-6d3d70cdad80c3022dac88b2b035272f.dt-icon-border-on:before {\n  border:  solid ;\n}\n.dt-shortcode-soc-icons a.soc-icons-6d3d70cdad80c3022dac88b2b035272f.dt-icon-hover-border-on:after {\n  border:  solid ;\n}\n<\/style><div class=\"dt-shortcode-soc-icons  soc-icons-6d3d70cdad80c3022dac88b2b035272f soc-icons-center \" ><style type=\"text\/css\" data-type=\"the7_shortcodes-inline-css\">.dt-shortcode-soc-icons a.single-soc-icon-636542b6e1cf8b191d180206f8e8967c {\n  min-width: 26px;\n  min-height: 26px;\n  font-size: 16px;\n  border-radius: 4px;\n}\n.dt-shortcode-soc-icons a.single-soc-icon-636542b6e1cf8b191d180206f8e8967c:last-child {\n  margin-right: 0;\n}\n.dt-shortcode-soc-icons a.single-soc-icon-636542b6e1cf8b191d180206f8e8967c:before,\n.dt-shortcode-soc-icons a.single-soc-icon-636542b6e1cf8b191d180206f8e8967c:after {\n  min-width: 26px;\n  min-height: 26px;\n  padding: inherit;\n}\n.dt-shortcode-soc-icons a.single-soc-icon-636542b6e1cf8b191d180206f8e8967c.dt-icon-border-on:before {\n  border: 2px solid #ffffff;\n}\n.dt-shortcode-soc-icons a.single-soc-icon-636542b6e1cf8b191d180206f8e8967c.dt-icon-hover-border-on:after {\n  border: 2px solid #ffffff;\n}\n.dt-shortcode-soc-icons a.single-soc-icon-636542b6e1cf8b191d180206f8e8967c:hover {\n  font-size: 16px;\n}\n#page .dt-shortcode-soc-icons a.single-soc-icon-636542b6e1cf8b191d180206f8e8967c:hover .soc-font-icon,\n#phantom .dt-shortcode-soc-icons a.single-soc-icon-636542b6e1cf8b191d180206f8e8967c:hover .soc-font-icon,\n#page .dt-shortcode-soc-icons a.single-soc-icon-636542b6e1cf8b191d180206f8e8967c:hover .soc-icon,\n#phantom .dt-shortcode-soc-icons a.single-soc-icon-636542b6e1cf8b191d180206f8e8967c:hover .soc-icon {\n  color: rgba(255,255,255,0.75);\n  background: none;\n}\n#page .dt-shortcode-soc-icons a.single-soc-icon-636542b6e1cf8b191d180206f8e8967c:not(:hover) .soc-font-icon,\n#phantom .dt-shortcode-soc-icons a.single-soc-icon-636542b6e1cf8b191d180206f8e8967c:not(:hover) .soc-font-icon,\n#page .dt-shortcode-soc-icons a.single-soc-icon-636542b6e1cf8b191d180206f8e8967c:not(:hover) .soc-icon,\n#phantom .dt-shortcode-soc-icons a.single-soc-icon-636542b6e1cf8b191d180206f8e8967c:not(:hover) .soc-icon {\n  color: #ffffff;\n  background: none;\n}\n.dt-shortcode-soc-icons a.single-soc-icon-636542b6e1cf8b191d180206f8e8967c .soc-font-icon,\n.dt-shortcode-soc-icons a.single-soc-icon-636542b6e1cf8b191d180206f8e8967c .soc-icon {\n  font-size: 16px;\n}\n<\/style><a title=\"SUIVEZ-NOUS\" href=\"https:\/\/www.linkedin.com\/fr\/company\/epibusiness\/\"  target=\"_blank\"class=\"linkedin single-soc-icon-636542b6e1cf8b191d180206f8e8967c dt-icon-bg-on dt-icon-border-on dt-icon-hover-border-on dt-icon-hover-bg-on  vc_custom_1699211992427 \" ><i class=\"soc-icon soc-font-icon dt-icon-linkedin\"><\/i><span class=\"screen-reader-text\">SUIVEZ-NOUS<\/span><\/a><\/div>\n\t<div class=\"wpb_text_column wpb_content_element \" >\n\t\t<div class=\"wpb_wrapper\">\n\t\t\t<p style=\"text-align: center;\"><span style=\"color: #ffffff;\">FOLLOW US<\/span><\/p>\n\n\t\t<\/div>\n\t<\/div>\n<\/div><\/div><\/div><\/div><div class=\"vc_row-full-width vc_clearfix\"><\/div><div data-vc-full-width=\"true\" data-vc-full-width-temp=\"true\" data-vc-full-width-init=\"false\" data-vc-stretch-content=\"true\" class=\"vc_row wpb_row vc_row-fluid services-new-block-differentiate vc_custom_1690538752813 vc_row-has-fill\"><div class=\"wpb_column vc_column_container vc_col-sm-12\"><div class=\"vc_column-inner\"><div class=\"wpb_wrapper\">\n\t<div class=\"wpb_text_column wpb_content_element \" >\n\t\t<div class=\"wpb_wrapper\">\n\t\t\t<p style=\"text-align: center;\"><span style=\"color: #ffffff;\">Tous droits r\u00e9serv\u00e9s | <a href=\"https:\/\/epibusiness.com\/privacy-policy\/\"><span style=\"color: #ffffff;\">Politique de confidentialit\u00e9<\/span><\/a><\/span><\/p>\n\n\t\t<\/div>\n\t<\/div>\n<\/div><\/div><\/div><\/div><div class=\"vc_row-full-width vc_clearfix\"><\/div><\/div>[\/vc_column][\/vc_row]<\/p>\n<\/div>","protected":false},"excerpt":{"rendered":"<p>EPI Business Translation Nous faisons tomber les barri\u00e8res linguistiques entre les entreprises\u00a0 Interpr\u00e9tation Traduction \u00e9crite Rencontres Secteurs Traduction urgente Formulaire de contactinfo@epibusiness.com+1 (647) 793 9396 1707 &#8211; 28 Harrison Garden Blvd, Toronto, ON, M2N7B5 SUIVEZ-NOUS FOLLOW US Tous droits r\u00e9serv\u00e9s | Politique de confidentialit\u00e9<\/p>\n","protected":false},"author":1,"featured_media":0,"parent":0,"menu_order":30,"comment_status":"closed","ping_status":"closed","template":"","meta":{"inline_featured_image":false,"_monsterinsights_skip_tracking":false,"_monsterinsights_sitenote_active":false,"_monsterinsights_sitenote_note":"","_monsterinsights_sitenote_category":0,"_locale":"fr_FR","_original_post":"https:\/\/thompson.justwebagency.com\/epi\/?page_id=4225","footnotes":""},"class_list":["post-5035","page","type-page","status-publish","hentry","fr-FR","description-off"],"aioseo_notices":[],"_links":{"self":[{"href":"https:\/\/epibusiness.com\/wp-json\/wp\/v2\/pages\/5035","targetHints":{"allow":["GET"]}}],"collection":[{"href":"https:\/\/epibusiness.com\/wp-json\/wp\/v2\/pages"}],"about":[{"href":"https:\/\/epibusiness.com\/wp-json\/wp\/v2\/types\/page"}],"author":[{"embeddable":true,"href":"https:\/\/epibusiness.com\/wp-json\/wp\/v2\/users\/1"}],"replies":[{"embeddable":true,"href":"https:\/\/epibusiness.com\/wp-json\/wp\/v2\/comments?post=5035"}],"version-history":[{"count":1,"href":"https:\/\/epibusiness.com\/wp-json\/wp\/v2\/pages\/5035\/revisions"}],"predecessor-version":[{"id":5036,"href":"https:\/\/epibusiness.com\/wp-json\/wp\/v2\/pages\/5035\/revisions\/5036"}],"wp:attachment":[{"href":"https:\/\/epibusiness.com\/wp-json\/wp\/v2\/media?parent=5035"}],"curies":[{"name":"wp","href":"https:\/\/api.w.org\/{rel}","templated":true}]}}