{"id":4969,"date":"2023-11-08T08:46:29","date_gmt":"2023-11-08T08:46:29","guid":{"rendered":"https:\/\/epibusiness.com\/?page_id=4969"},"modified":"2023-11-08T08:46:29","modified_gmt":"2023-11-08T08:46:29","slug":"co-ordinating-manager-for-translation-projects-2","status":"publish","type":"page","link":"https:\/\/epibusiness.com\/fr\/co-ordinating-manager-for-translation-projects-2\/","title":{"rendered":"Responsable de la collaboration avec le personnel non salari\u00e9 (responsable de la sous-traitance)"},"content":{"rendered":"<div class=\"wpb-content-wrapper\"><p>[vc_row content_placement=\u00a0\u00bbmiddle\u00a0\u00bb css=\u00a0\u00bb.vc_custom_1650483147919{margin-top: 55px !important;margin-bottom: 20px !important;}\u00a0\u00bb][vc_column][vc_row_inner equal_height=\u00a0\u00bbyes\u00a0\u00bb content_placement=\u00a0\u00bbmiddle\u00a0\u00bb][vc_column_inner width=\u00a0\u00bb1\/2&Prime; css=\u00a0\u00bb.vc_custom_1651146625725{margin-top: 30px !important;margin-right: 25px !important;margin-bottom: 30px !important;margin-left: 30px !important;padding-top: 40% !important;padding-bottom: 40% !important;background-image: url(https:\/\/epibusiness.com\/wp-content\/uploads\/2022\/04\/Agentstvo-perevodov-kartinka216.jpg?id=4261) !important;background-position: center !important;background-repeat: no-repeat !important;background-size: cover !important;}\u00a0\u00bb][\/vc_column_inner][vc_column_inner width=\u00a0\u00bb1\/2&Prime; css=\u00a0\u00bb.vc_custom_1575390506246{margin-top: 30px !important;margin-bottom: 30px !important;}\u00a0\u00bb]<div id=\"ultimate-heading-76069ee4d0c1470a\" class=\"uvc-heading ult-adjust-bottom-margin ultimate-heading-76069ee4d0c1470a uvc-881 services-page-text-header uvc-heading-default-font-sizes\" data-hspacer=\"no_spacer\"  data-halign=\"left\" style=\"text-align:left\"><div class=\"uvc-heading-spacer no_spacer\" style=\"top\"><\/div><div class=\"uvc-main-heading ult-responsive\"  data-ultimate-target='.uvc-heading.ultimate-heading-76069ee4d0c1470a h3'  data-responsive-json-new='{\"font-size\":\"\",\"line-height\":\"\"}' ><h3 style=\"font-weight:bold;color:#1baa97;margin-bottom:20px;\">RESPONSABLE DE LA COLLABORATION AVEC LE PERSONNEL NON SALARI\u00c9 (RESPONSABLE DE LA SOUS-TRAITANCE)<\/h3><\/div><\/div>[vc_column_text]<strong>Une exp\u00e9rience significative dans le domaine de la traduction est la bienvenue.<\/strong><\/p>\n<p>Poste exp\u00e9rimental pour six mois avec possibilit\u00e9 ult\u00e9rieure d\u2019un poste \u00e0 temps plein.[\/vc_column_text][\/vc_column_inner][\/vc_row_inner][\/vc_column][\/vc_row][vc_row full_width=\u00a0\u00bbstretch_row\u00a0\u00bb equal_height=\u00a0\u00bbyes\u00a0\u00bb css=\u00a0\u00bb.vc_custom_1650489312358{padding-top: 85px !important;padding-bottom: 20px !important;background-color: #f5f5f5 !important;}\u00a0\u00bb][vc_column][vc_row_inner][vc_column_inner width=\u00a0\u00bb1\/4&Prime; css=\u00a0\u00bb.vc_custom_1575392633420{padding-bottom: 30px !important;}\u00a0\u00bb]<div class=\"stats-block stats-top  \"><div class=\"aio-icon-top\"><div class=\"ult-just-icon-wrapper  \"><div class=\"align-icon\" style=\"text-align:center;\"><\/div><\/div><\/div><div class=\"stats-desc\" id=\"counter-responsv-wrap-4123\"><div id=\"counter_243751535169ee4d0c14a07\" data-id=\"counter_243751535169ee4d0c14a07\"  data-ultimate-target='#counter-responsv-wrap-4123 .stats-number'  data-responsive-json-new='{\"font-size\":\"desktop:60px;\",\"line-height\":\"desktop:70px;\"}'  class=\"stats-number ult-responsive\" style=\" color:#1baa97; font-weight:bold;color:#222222;\" data-speed=\"3\" data-counter-value=\"95\" data-separator=\",\" data-decimal=\"none\">0<\/div><div class=\"counter_suffix mycust ult-responsive\"  data-ultimate-target='#counter-responsv-wrap-4123 .mycust'  data-responsive-json-new='{\"font-size\":\"desktop:60px;\",\"line-height\":\"desktop:70px;\"}'  style=\" font-weight:bold;color:#222222\">%<\/div><div id=\"counter_243751535169ee4d0c14a07\"  data-ultimate-target='#counter-responsv-wrap-4123 .stats-text'  data-responsive-json-new='{\"font-size\":\"desktop:16px;\",\"line-height\":\"desktop:28px;\"}'  class=\"stats-text ult-responsive\" style=\"font-size:px; color:#1baa97; font-weight:bold;\">DE CLIENTS SATISFAITS<\/div><\/div><\/div>[\/vc_column_inner][vc_column_inner width=\u00a0\u00bb1\/4&Prime; css=\u00a0\u00bb.vc_custom_1575392638122{padding-bottom: 30px !important;}\u00a0\u00bb]<div class=\"stats-block stats-top  \"><div class=\"aio-icon-top\"><div class=\"ult-just-icon-wrapper  \"><div class=\"align-icon\" style=\"text-align:center;\"><\/div><\/div><\/div><div class=\"stats-desc\" id=\"counter-responsv-wrap-1972\"><div id=\"counter_91196852569ee4d0c14ab5\" data-id=\"counter_91196852569ee4d0c14ab5\"  data-ultimate-target='#counter-responsv-wrap-1972 .stats-number'  data-responsive-json-new='{\"font-size\":\"desktop:60px;\",\"line-height\":\"desktop:70px;\"}'  class=\"stats-number ult-responsive\" style=\" color:#1baa97; font-weight:bold;color:#222222;\" data-speed=\"3\" data-counter-value=\"300\" data-separator=\",\" data-decimal=\"none\">0<\/div><div class=\"counter_suffix mycust ult-responsive\"  data-ultimate-target='#counter-responsv-wrap-1972 .mycust'  data-responsive-json-new='{\"font-size\":\"desktop:60px;\",\"line-height\":\"desktop:70px;\"}'  style=\" font-weight:bold;color:#222222\">+<\/div><div id=\"counter_91196852569ee4d0c14ab5\"  data-ultimate-target='#counter-responsv-wrap-1972 .stats-text'  data-responsive-json-new='{\"font-size\":\"desktop:16px;\",\"line-height\":\"desktop:28px;\"}'  class=\"stats-text ult-responsive\" style=\"font-size:px; color:#1baa97; font-weight:bold;\">SP\u00c9CIALISTES EN LANGUES<\/div><\/div><\/div>[\/vc_column_inner][vc_column_inner width=\u00a0\u00bb1\/4&Prime; css=\u00a0\u00bb.vc_custom_1575392641496{padding-bottom: 30px !important;}\u00a0\u00bb]<div class=\"stats-block stats-top  \"><div class=\"aio-icon-top\"><div class=\"ult-just-icon-wrapper  \"><div class=\"align-icon\" style=\"text-align:center;\"><\/div><\/div><\/div><div class=\"stats-desc\" id=\"counter-responsv-wrap-8737\"><div id=\"counter_241857208369ee4d0c14b2f\" data-id=\"counter_241857208369ee4d0c14b2f\"  data-ultimate-target='#counter-responsv-wrap-8737 .stats-number'  data-responsive-json-new='{\"font-size\":\"desktop:60px;\",\"line-height\":\"desktop:70px;\"}'  class=\"stats-number ult-responsive\" style=\" color:#1baa97; font-weight:bold;color:#222222;\" data-speed=\"3\" data-counter-value=\"38\" data-separator=\",\" data-decimal=\"none\">0<\/div><div id=\"counter_241857208369ee4d0c14b2f\"  data-ultimate-target='#counter-responsv-wrap-8737 .stats-text'  data-responsive-json-new='{\"font-size\":\"desktop:16px;\",\"line-height\":\"desktop:28px;\"}'  class=\"stats-text ult-responsive\" style=\"font-size:px; color:#1baa97; font-weight:bold;\">LANGUES<\/div><\/div><\/div>[\/vc_column_inner][vc_column_inner width=\u00a0\u00bb1\/4&Prime; css=\u00a0\u00bb.vc_custom_1575392645188{padding-bottom: 30px !important;}\u00a0\u00bb]<div class=\"stats-block stats-top  \"><div class=\"aio-icon-top\"><div class=\"ult-just-icon-wrapper  \"><div class=\"align-icon\" style=\"text-align:center;\"><\/div><\/div><\/div><div class=\"stats-desc\" id=\"counter-responsv-wrap-6604\"><div id=\"counter_49304518569ee4d0c14ba2\" data-id=\"counter_49304518569ee4d0c14ba2\"  data-ultimate-target='#counter-responsv-wrap-6604 .stats-number'  data-responsive-json-new='{\"font-size\":\"desktop:60px;\",\"line-height\":\"desktop:70px;\"}'  class=\"stats-number ult-responsive\" style=\" color:#1baa97; font-weight:bold;color:#222222;\" data-speed=\"3\" data-counter-value=\"2000\" data-separator=\",\" data-decimal=\"none\">0<\/div><div class=\"counter_suffix mycust ult-responsive\"  data-ultimate-target='#counter-responsv-wrap-6604 .mycust'  data-responsive-json-new='{\"font-size\":\"desktop:60px;\",\"line-height\":\"desktop:70px;\"}'  style=\" font-weight:bold;color:#222222\">+<\/div><div id=\"counter_49304518569ee4d0c14ba2\"  data-ultimate-target='#counter-responsv-wrap-6604 .stats-text'  data-responsive-json-new='{\"font-size\":\"desktop:16px;\",\"line-height\":\"desktop:28px;\"}'  class=\"stats-text ult-responsive\" style=\"font-size:px; color:#1baa97; font-weight:bold;\">CLIENTS HEUREUX<\/div><\/div><\/div>[\/vc_column_inner][\/vc_row_inner][\/vc_column][\/vc_row][vc_row][vc_column width=\u00a0\u00bb1\/2&Prime; css=\u00a0\u00bb.vc_custom_1649970389870{padding-bottom: 30px !important;}\u00a0\u00bb][vc_column_text el_class=\u00a0\u00bbservices-page-text-main\u00a0\u00bb]<\/p>\n<h2><span style=\"font-weight: 400; color: #0a2449; font-size: 28px;\">FONCTIONS PRINCIPALES:<\/span><\/h2>\n<ul>\n<li><strong>recruter des prestataires de services non salari\u00e9s (traducteurs, r\u00e9viseurs, correcteurs, metteurs en pages) pour:<\/strong><strong><br \/>\n<\/strong>\u2013 g\u00e9rer la base de donn\u00e9es des prestataires de services<br \/>\n\u2013 r\u00e9aliser des projets sp\u00e9cifiques<\/li>\n<li>mettre \u00e0 jour la base de donn\u00e9es des prestataires de services<\/li>\n<li>communiquer r\u00e9guli\u00e8rement avec les prestataires de services sur la coop\u00e9ration, les paiements, etc.<\/li>\n<li>g\u00e9rer en permanence le flux de retours d\u2019information de la part des prestataires de services<\/li>\n<li>communiquer au sujet des documents sources et les collecter, tenir un registre des factures<\/li>\n<li>conclure des contrats de prestation de services et des accords de non-divulgation, contr\u00f4ler leur signature par les prestataires<\/li>\n<li>mettre \u00e0 jour les donn\u00e9es provenant des responsables des projets : disponibilit\u00e9, changement de paires de langues ou de domaines de sp\u00e9cialisation, etc.<\/li>\n<li>\u00e9laborer des programmes de fid\u00e9lisation des prestataires<\/li>\n<\/ul>\n<p>[\/vc_column_text][\/vc_column][vc_column width=\u00a0\u00bb1\/2&Prime; css=\u00a0\u00bb.vc_custom_1649970399303{padding-bottom: 30px !important;}\u00a0\u00bb][vc_column_text el_class=\u00a0\u00bbservices-page-text-main\u00a0\u00bb]<\/p>\n<h2><span style=\"font-weight: 400; color: #0a2449; font-size: 28px;\">EXIGENCES POUR LES CANDIDATS POTENTIELS:<\/span><\/h2>\n<ul>\n<li>formation sup\u00e9rieure en gestion des ressources humaines \/ langues \u00e9trang\u00e8res \/ management<\/li>\n<li>anglais de niveau interm\u00e9diaire sup\u00e9rieur<\/li>\n<li>volont\u00e9 d\u2019\u00e9voluer en mati\u00e8re de recrutement de personnel<\/li>\n<li>attention, bonnes comp\u00e9tences en gestion du temps, capacit\u00e9 \u00e0 trouver des solutions non standard aux probl\u00e8mes, proactivit\u00e9<\/li>\n<\/ul>\n<p>[\/vc_column_text][\/vc_column][\/vc_row][vc_row][vc_column width=\u00a0\u00bb1\/2&Prime; css=\u00a0\u00bb.vc_custom_1649970454172{padding-bottom: 30px !important;}\u00a0\u00bb][vc_column_text el_class=\u00a0\u00bbservices-page-text-main\u00a0\u00bb]<\/p>\n<h2><span style=\"font-weight: 400; color: #0a2449; font-size: 28px;\">NOUS OFFRONS:<\/span><\/h2>\n<ul>\n<li>des horaires de travail stables : du lundi au vendredi, de 9h00 \u00e0 18h00 ou de 10h00 \u00e0 19h00<\/li>\n<li>un travail \u00e0 distance avec des r\u00e9unions avec la direction si n\u00e9cessaire<\/li>\n<li>un travail dans une entreprise de traduction stable et en d\u00e9veloppement<\/li>\n<li>des possibilit\u00e9s de formation et de d\u00e9veloppement constant des comp\u00e9tences professionnelles<\/li>\n<li>une ambiance d\u2019\u00e9quipe conviviale<\/li>\n<\/ul>\n<p>[\/vc_column_text][\/vc_column][vc_column width=\u00a0\u00bb1\/2&Prime; css=\u00a0\u00bb.vc_custom_1649970462877{padding-bottom: 30px !important;}\u00a0\u00bb][vc_column_text el_class=\u00a0\u00bbservices-page-text-main\u00a0\u00bb]<\/p>\n<h2><span style=\"font-weight: 400; color: #0a2449; font-size: 28px;\">NOS COMP\u00c9TENCES CL\u00c9S:<\/span><\/h2>\n<ul>\n<li>int\u00e9grit\u00e9<\/li>\n<li>centrage sur le client<\/li>\n<li>orientation vers les r\u00e9sultats<\/li>\n<li>mode de pens\u00e9e conceptuel et proactif<\/li>\n<li>expertise en recherche d\u2019information (num\u00e9rique, etc.)<\/li>\n<\/ul>\n<p>[\/vc_column_text][\/vc_column][\/vc_row][vc_row disable_element=\u00a0\u00bbyes\u00a0\u00bb css=\u00a0\u00bb.vc_custom_1651146607080{padding-top: 10px !important;padding-bottom: 35px !important;}\u00a0\u00bb][vc_column][vc_column_text]<\/p>\n<p style=\"text-align: center;\"><strong>Please submit your CV by email to info@epitranslation.com giving the vacancy code <\/strong><strong>\u201cCo-ordinating Manager \u2013 2022\u201d<\/strong><\/p>\n<p>[\/vc_column_text][\/vc_column][\/vc_row][vc_row][vc_column]<div class=\"templatera_shortcode\"><div data-vc-full-width=\"true\" data-vc-full-width-temp=\"true\" data-vc-full-width-init=\"false\" class=\"vc_row wpb_row vc_row-fluid services-new-block-differentiate vc_custom_1651057216452 vc_row-has-fill\"><div class=\"services-new-block-differentiate-brand wpb_column vc_column_container vc_col-sm-3\"><div class=\"vc_column-inner\"><div class=\"wpb_wrapper\">\n\t<div  class=\"wpb_single_image wpb_content_element vc_align_center  vc_custom_1690538803848\">\n\t\t\n\t\t<figure class=\"wpb_wrapper vc_figure\">\n\t\t\t<div class=\"vc_single_image-wrapper   vc_box_border_grey\"><img decoding=\"async\" class=\"vc_single_image-img \" src=\"https:\/\/epibusiness.com\/wp-content\/uploads\/2022\/04\/logo-new-white1.svg\" width=\"1\" height=\"1\" alt=\"logo-new-white1\" title=\"logo-new-white1\" loading=\"lazy\"  data-dt-location=\"https:\/\/epibusiness.com\/logo-new-white1\/\" \/><\/div>\n\t\t<\/figure>\n\t<\/div>\n<div id=\"ultimate-heading-226669ee4d0c16e19\" class=\"uvc-heading ult-adjust-bottom-margin ultimate-heading-226669ee4d0c16e19 uvc-6286  uvc-heading-default-font-sizes\" data-hspacer=\"no_spacer\"  data-halign=\"center\" style=\"text-align:center\"><div class=\"uvc-heading-spacer no_spacer\" style=\"top\"><\/div><div class=\"uvc-main-heading ult-responsive\"  data-ultimate-target='.uvc-heading.ultimate-heading-226669ee4d0c16e19 h3'  data-responsive-json-new='{\"font-size\":\"\",\"line-height\":\"\"}' ><h3 style=\"font-weight:bold;color:rgba(255,255,255,0.5);margin-bottom:20px;\">EPI Business Translation<\/h3><\/div><div class=\"uvc-sub-heading ult-responsive\"  data-ultimate-target='.uvc-heading.ultimate-heading-226669ee4d0c16e19 .uvc-sub-heading '  data-responsive-json-new='{\"font-size\":\"desktop:20px;\",\"line-height\":\"desktop:26px;\"}'  style=\"font-weight:bold;color:#ffffff;\">\r\n<p style=\"text-align: center;\"><b>Nous faisons tomber les barri\u00e8res linguistiques entre les entreprises\u00a0<\/b><\/p>\r\n<\/div><\/div><\/div><\/div><\/div><div class=\"wpb_column vc_column_container vc_col-sm-6\"><div class=\"vc_column-inner\"><div class=\"wpb_wrapper\">\n\t<div class=\"wpb_text_column wpb_content_element \" >\n\t\t<div class=\"wpb_wrapper\">\n\t\t\t<p style=\"text-align: center;\"><a href=\"https:\/\/epibusiness.com\/fr\/services\/interpreters-for-your-business\/\">Interpr\u00e9tation<\/a><\/p>\n<p style=\"text-align: center;\"><a href=\"https:\/\/epibusiness.com\/fr\/services\/written-translation-agency\/\">Traduction \u00e9crite<\/a><\/p>\n<p style=\"text-align: center;\"><a href=\"https:\/\/epibusiness.com\/fr\/services\/professional-interpreters-for-international-events\/\">Rencontres<\/a><\/p>\n<p style=\"text-align: center;\"><a href=\"https:\/\/epibusiness.com\/fr\/services\/professional-translators-for-your-business-needs\/\">Secteurs<\/a><\/p>\n<p style=\"text-align: center;\"><a href=\"https:\/\/epibusiness.com\/fr\/services\/urgent-translation-agency-for-your-business-online\/\">Traduction urgente<\/a><\/p>\n\n\t\t<\/div>\n\t<\/div>\n<\/div><\/div><\/div><div class=\"wpb_column vc_column_container vc_col-sm-3\"><div class=\"vc_column-inner\"><div class=\"wpb_wrapper\"><style type=\"text\/css\" data-type=\"the7_shortcodes-inline-css\">#default-btn-ec3fa441152d5e78c04cda1dbfdc724d {\n  border-radius: 100px;\n  font-size: 16px;\n  line-height: 18px;\n}\n.btn-shadow#default-btn-ec3fa441152d5e78c04cda1dbfdc724d {\n  box-shadow: 0 1px 6px rgba(0,0,0,0.12);\n  transition: box-shadow 0.2s ease-out, opacity 0.45s;\n}\n.btn-shadow#default-btn-ec3fa441152d5e78c04cda1dbfdc724d:hover {\n  box-shadow: 0 5px 11px 0 rgba(0,0,0,0.18), 0 4px 15px 0 rgba(0,0,0,0.15);\n}\n.btn-3d#default-btn-ec3fa441152d5e78c04cda1dbfdc724d:hover {\n  box-shadow: 0px 2px 0px 0px rgba(224,224,224,0.05);\n}\n.btn-flat#default-btn-ec3fa441152d5e78c04cda1dbfdc724d {\n  box-shadow: none;\n}\n.btn-flat#default-btn-ec3fa441152d5e78c04cda1dbfdc724d:hover {\n  box-shadow: none;\n}\n#default-btn-ec3fa441152d5e78c04cda1dbfdc724d.ico-right-side > i {\n  margin-right: 0px;\n  margin-left: 8px;\n}\n#default-btn-ec3fa441152d5e78c04cda1dbfdc724d > i {\n  margin-right: 8px;\n  font-size: 16px;\n}\n#default-btn-ec3fa441152d5e78c04cda1dbfdc724d:not(:hover) {\n  border-width: 3px;\n  border-color: rgba(255,255,255,0.3) !important;\n  color: #ffffff;\n  background: none !important;\n  padding: 16px 10px 16px 10px;\n}\n#default-btn-ec3fa441152d5e78c04cda1dbfdc724d:not(:hover) * {\n  color: #ffffff;\n}\n#default-btn-ec3fa441152d5e78c04cda1dbfdc724d:hover {\n  border-width: 3px;\n  border-color: rgba(255,255,255,0.45) !important;\n  color: #ffffff;\n  background: rgba(255,255,255,0.05) !important;\n  padding: 16px 10px 16px 10px;\n}\n#default-btn-ec3fa441152d5e78c04cda1dbfdc724d:hover * {\n  color: #ffffff;\n}\n#default-btn-ec3fa441152d5e78c04cda1dbfdc724d.ico-right-side > i {\n  margin-right: 0px;\n  margin-left: 8px;\n}\n#default-btn-ec3fa441152d5e78c04cda1dbfdc724d > i {\n  margin-right: 8px;\n}\n<\/style><div class=\"btn-align-center\"><a href=\"\/fr\/contact\/\" class=\"default-btn-shortcode dt-btn link-hover-off ico-right-side btn-flat  vc_custom_1699448526323\" id=\"default-btn-ec3fa441152d5e78c04cda1dbfdc724d\" style=\"width:240px;\" title=\"Contact\"><span>Formulaire de contact<\/span><i class=\"icomoon-the7-font-the7-mail-01\"><\/i><\/a><\/div><style type=\"text\/css\" data-type=\"the7_shortcodes-inline-css\">#default-btn-083304947138c7983a38e06d81087790 {\n  font-size: 20px;\n  line-height: 22px;\n  font-weight: bold;\n  padding: 0px 0px 0px 0px;\n}\n#default-btn-083304947138c7983a38e06d81087790.ico-right-side > i {\n  margin-right: 0px;\n  margin-left: 8px;\n}\n#default-btn-083304947138c7983a38e06d81087790:after {\n  height: 2px;\n}\n#default-btn-083304947138c7983a38e06d81087790 > i {\n  margin-right: 8px;\n  font-size: 11px;\n}\n#default-btn-083304947138c7983a38e06d81087790:not(:hover),\n#default-btn-083304947138c7983a38e06d81087790.link-hover-off:hover {\n  color: #ffffff;\n  background: none;\n}\n#default-btn-083304947138c7983a38e06d81087790:not(:hover) *,\n#default-btn-083304947138c7983a38e06d81087790.link-hover-off:hover * {\n  color: #ffffff;\n  background: none;\n}\n#default-btn-083304947138c7983a38e06d81087790.ico-right-side > i {\n  margin-right: 0px;\n  margin-left: 8px;\n}\n#default-btn-083304947138c7983a38e06d81087790 > i {\n  margin-right: 8px;\n}\n<\/style><div class=\"btn-align-center\"><a href=\"mailto:info@epibusiness.com\" class=\"default-btn-shortcode dt-btn-link link-hover-off upwards-line  vc_custom_1690536387876\" id=\"default-btn-083304947138c7983a38e06d81087790\" style=\"width:240px;\" title=\"Contact\"><span>info@epibusiness.com<\/span><\/a><\/div><style type=\"text\/css\" data-type=\"the7_shortcodes-inline-css\">#default-btn-9c9ce64c7bca4965eca50f63cfa43afc {\n  font-size: 20px;\n  line-height: 22px;\n  font-weight: bold;\n  padding: 0px 0px 0px 0px;\n}\n#default-btn-9c9ce64c7bca4965eca50f63cfa43afc.ico-right-side > i {\n  margin-right: 0px;\n  margin-left: 8px;\n}\n#default-btn-9c9ce64c7bca4965eca50f63cfa43afc:after {\n  height: 2px;\n}\n#default-btn-9c9ce64c7bca4965eca50f63cfa43afc > i {\n  margin-right: 8px;\n  font-size: 11px;\n}\n#default-btn-9c9ce64c7bca4965eca50f63cfa43afc:not(:hover),\n#default-btn-9c9ce64c7bca4965eca50f63cfa43afc.link-hover-off:hover {\n  color: #ffffff;\n  background: none;\n}\n#default-btn-9c9ce64c7bca4965eca50f63cfa43afc:not(:hover) *,\n#default-btn-9c9ce64c7bca4965eca50f63cfa43afc.link-hover-off:hover * {\n  color: #ffffff;\n  background: none;\n}\n#default-btn-9c9ce64c7bca4965eca50f63cfa43afc.ico-right-side > i {\n  margin-right: 0px;\n  margin-left: 8px;\n}\n#default-btn-9c9ce64c7bca4965eca50f63cfa43afc > i {\n  margin-right: 8px;\n}\n<\/style><div class=\"btn-align-center\"><a href=\"tel:+14378868635\" class=\"default-btn-shortcode dt-btn-link link-hover-off upwards-line \" id=\"default-btn-9c9ce64c7bca4965eca50f63cfa43afc\" style=\"width:240px;\" title=\"Contact\"><span>+1 (647) 793 9396<\/span><\/a><\/div>\n\t<div class=\"wpb_text_column wpb_content_element  vc_custom_1690549171836\" >\n\t\t<div class=\"wpb_wrapper\">\n\t\t\t<p style=\"text-align: center;\"><span style=\"color: #ffffff; font-size: 20px; font-weight: bold;\">1707 - 28 Harrison Garden Blvd, Toronto, ON, M2N7B5<\/span><\/p>\n\n\t\t<\/div>\n\t<\/div>\n<style type=\"text\/css\" data-type=\"the7_shortcodes-inline-css\">.dt-shortcode-soc-icons.soc-icons-6d3d70cdad80c3022dac88b2b035272f a {\n  margin-right: 4px;\n}\n.dt-shortcode-soc-icons a.soc-icons-6d3d70cdad80c3022dac88b2b035272f {\n  margin-right: 4px;\n}\n.dt-shortcode-soc-icons a.soc-icons-6d3d70cdad80c3022dac88b2b035272f:last-child {\n  margin-right: 0;\n}\n.dt-shortcode-soc-icons a.soc-icons-6d3d70cdad80c3022dac88b2b035272f:before,\n.dt-shortcode-soc-icons a.soc-icons-6d3d70cdad80c3022dac88b2b035272f:after {\n  padding: inherit;\n}\n.dt-shortcode-soc-icons a.soc-icons-6d3d70cdad80c3022dac88b2b035272f.dt-icon-border-on:before {\n  border:  solid ;\n}\n.dt-shortcode-soc-icons a.soc-icons-6d3d70cdad80c3022dac88b2b035272f.dt-icon-hover-border-on:after {\n  border:  solid ;\n}\n<\/style><div class=\"dt-shortcode-soc-icons  soc-icons-6d3d70cdad80c3022dac88b2b035272f soc-icons-center \" ><style type=\"text\/css\" data-type=\"the7_shortcodes-inline-css\">.dt-shortcode-soc-icons a.single-soc-icon-636542b6e1cf8b191d180206f8e8967c {\n  min-width: 26px;\n  min-height: 26px;\n  font-size: 16px;\n  border-radius: 4px;\n}\n.dt-shortcode-soc-icons a.single-soc-icon-636542b6e1cf8b191d180206f8e8967c:last-child {\n  margin-right: 0;\n}\n.dt-shortcode-soc-icons a.single-soc-icon-636542b6e1cf8b191d180206f8e8967c:before,\n.dt-shortcode-soc-icons a.single-soc-icon-636542b6e1cf8b191d180206f8e8967c:after {\n  min-width: 26px;\n  min-height: 26px;\n  padding: inherit;\n}\n.dt-shortcode-soc-icons a.single-soc-icon-636542b6e1cf8b191d180206f8e8967c.dt-icon-border-on:before {\n  border: 2px solid #ffffff;\n}\n.dt-shortcode-soc-icons a.single-soc-icon-636542b6e1cf8b191d180206f8e8967c.dt-icon-hover-border-on:after {\n  border: 2px solid #ffffff;\n}\n.dt-shortcode-soc-icons a.single-soc-icon-636542b6e1cf8b191d180206f8e8967c:hover {\n  font-size: 16px;\n}\n#page .dt-shortcode-soc-icons a.single-soc-icon-636542b6e1cf8b191d180206f8e8967c:hover .soc-font-icon,\n#phantom .dt-shortcode-soc-icons a.single-soc-icon-636542b6e1cf8b191d180206f8e8967c:hover .soc-font-icon,\n#page .dt-shortcode-soc-icons a.single-soc-icon-636542b6e1cf8b191d180206f8e8967c:hover .soc-icon,\n#phantom .dt-shortcode-soc-icons a.single-soc-icon-636542b6e1cf8b191d180206f8e8967c:hover .soc-icon {\n  color: rgba(255,255,255,0.75);\n  background: none;\n}\n#page .dt-shortcode-soc-icons a.single-soc-icon-636542b6e1cf8b191d180206f8e8967c:not(:hover) .soc-font-icon,\n#phantom .dt-shortcode-soc-icons a.single-soc-icon-636542b6e1cf8b191d180206f8e8967c:not(:hover) .soc-font-icon,\n#page .dt-shortcode-soc-icons a.single-soc-icon-636542b6e1cf8b191d180206f8e8967c:not(:hover) .soc-icon,\n#phantom .dt-shortcode-soc-icons a.single-soc-icon-636542b6e1cf8b191d180206f8e8967c:not(:hover) .soc-icon {\n  color: #ffffff;\n  background: none;\n}\n.dt-shortcode-soc-icons a.single-soc-icon-636542b6e1cf8b191d180206f8e8967c .soc-font-icon,\n.dt-shortcode-soc-icons a.single-soc-icon-636542b6e1cf8b191d180206f8e8967c .soc-icon {\n  font-size: 16px;\n}\n<\/style><a title=\"SUIVEZ-NOUS\" href=\"https:\/\/www.linkedin.com\/fr\/company\/epibusiness\/\"  target=\"_blank\"class=\"linkedin single-soc-icon-636542b6e1cf8b191d180206f8e8967c dt-icon-bg-on dt-icon-border-on dt-icon-hover-border-on dt-icon-hover-bg-on  vc_custom_1699211992427 \" ><i class=\"soc-icon soc-font-icon dt-icon-linkedin\"><\/i><span class=\"screen-reader-text\">SUIVEZ-NOUS<\/span><\/a><\/div>\n\t<div class=\"wpb_text_column wpb_content_element \" >\n\t\t<div class=\"wpb_wrapper\">\n\t\t\t<p style=\"text-align: center;\"><span style=\"color: #ffffff;\">FOLLOW US<\/span><\/p>\n\n\t\t<\/div>\n\t<\/div>\n<\/div><\/div><\/div><\/div><div class=\"vc_row-full-width vc_clearfix\"><\/div><div data-vc-full-width=\"true\" data-vc-full-width-temp=\"true\" data-vc-full-width-init=\"false\" data-vc-stretch-content=\"true\" class=\"vc_row wpb_row vc_row-fluid services-new-block-differentiate vc_custom_1690538752813 vc_row-has-fill\"><div class=\"wpb_column vc_column_container vc_col-sm-12\"><div class=\"vc_column-inner\"><div class=\"wpb_wrapper\">\n\t<div class=\"wpb_text_column wpb_content_element \" >\n\t\t<div class=\"wpb_wrapper\">\n\t\t\t<p style=\"text-align: center;\"><span style=\"color: #ffffff;\">Tous droits r\u00e9serv\u00e9s | <a href=\"https:\/\/epibusiness.com\/privacy-policy\/\"><span style=\"color: #ffffff;\">Politique de confidentialit\u00e9<\/span><\/a><\/span><\/p>\n\n\t\t<\/div>\n\t<\/div>\n<\/div><\/div><\/div><\/div><div class=\"vc_row-full-width vc_clearfix\"><\/div><\/div>[\/vc_column][\/vc_row]<\/p>\n<\/div>","protected":false},"excerpt":{"rendered":"<p>RESPONSABLE DE LA COLLABORATION AVEC LE PERSONNEL NON SALARI\u00c9 (RESPONSABLE DE LA SOUS-TRAITANCE) Une exp\u00e9rience significative dans le domaine de la traduction est la bienvenue. Poste exp\u00e9rimental pour six mois avec possibilit\u00e9 ult\u00e9rieure d\u2019un poste \u00e0 temps plein. 0%DE CLIENTS SATISFAITS0+SP\u00c9CIALISTES EN LANGUES0LANGUES0+CLIENTS HEUREUX FONCTIONS PRINCIPALES: recruter des prestataires de services non salari\u00e9s (traducteurs, r\u00e9viseurs,&hellip;<\/p>\n","protected":false},"author":1,"featured_media":2159,"parent":0,"menu_order":10,"comment_status":"closed","ping_status":"closed","template":"","meta":{"inline_featured_image":false,"_monsterinsights_skip_tracking":false,"_monsterinsights_sitenote_active":false,"_monsterinsights_sitenote_note":"","_monsterinsights_sitenote_category":0,"_locale":"fr_FR","_original_post":"https:\/\/thompson.justwebagency.com\/epi\/?page_id=4271","footnotes":""},"class_list":["post-4969","page","type-page","status-publish","has-post-thumbnail","hentry","fr-FR","description-off"],"aioseo_notices":[],"_links":{"self":[{"href":"https:\/\/epibusiness.com\/wp-json\/wp\/v2\/pages\/4969","targetHints":{"allow":["GET"]}}],"collection":[{"href":"https:\/\/epibusiness.com\/wp-json\/wp\/v2\/pages"}],"about":[{"href":"https:\/\/epibusiness.com\/wp-json\/wp\/v2\/types\/page"}],"author":[{"embeddable":true,"href":"https:\/\/epibusiness.com\/wp-json\/wp\/v2\/users\/1"}],"replies":[{"embeddable":true,"href":"https:\/\/epibusiness.com\/wp-json\/wp\/v2\/comments?post=4969"}],"version-history":[{"count":1,"href":"https:\/\/epibusiness.com\/wp-json\/wp\/v2\/pages\/4969\/revisions"}],"predecessor-version":[{"id":4970,"href":"https:\/\/epibusiness.com\/wp-json\/wp\/v2\/pages\/4969\/revisions\/4970"}],"wp:featuredmedia":[{"embeddable":true,"href":"https:\/\/epibusiness.com\/wp-json\/wp\/v2\/media\/2159"}],"wp:attachment":[{"href":"https:\/\/epibusiness.com\/wp-json\/wp\/v2\/media?parent=4969"}],"curies":[{"name":"wp","href":"https:\/\/api.w.org\/{rel}","templated":true}]}}